{"id":427,"date":"2016-02-29T14:03:25","date_gmt":"2016-02-29T14:03:25","guid":{"rendered":"http:\/\/bunchy-develop.localhost\/?page_id=427"},"modified":"2025-06-01T14:19:51","modified_gmt":"2025-06-01T13:19:51","slug":"terms-and-conditions","status":"publish","type":"page","link":"https:\/\/crochetnknitting.com\/de\/terms-and-conditions\/","title":{"rendered":"Allgemeine Gesch\u00e4ftsbedingungen"},"content":{"rendered":"<h2 data-sourcepos=\"4:1-4:36\">Willkommen bei CrochetnKnitting.com!<\/h2>\n<h3 data-sourcepos=\"6:1-6:14\">Einf\u00fchrung<\/h3>\n<p data-sourcepos=\"7:1-7:191\">Vielen Dank, dass Sie die Plattform CrochetnKnitting.com und die Produkte, Dienste und Funktionen, die wir Ihnen im Rahmen der Plattform zur Verf\u00fcgung stellen (zusammen der \u201eDienst\u201c), nutzen.<\/p>\n<h3 data-sourcepos=\"9:1-9:16\">Unser Dienst<\/h3>\n<p data-sourcepos=\"10:1-10:288\">Der Dienst erm\u00f6glicht es Ihnen, H\u00e4kel- und Strickmuster sowie andere Inhalte zu entdecken, bietet ein Forum f\u00fcr Menschen, um sich weltweit zu verbinden, zu informieren und zu inspirieren, und dient als Distributionsplattform f\u00fcr originelle Inhaltsersteller und Werbetreibende jeder Gr\u00f6\u00dfe.<\/p>\n<h3 data-sourcepos=\"12:1-12:29\">Ihre Nutzung des Dienstes<\/h3>\n<h4 data-sourcepos=\"14:1-14:25\">Inhalte des Dienstes<\/h4>\n<p data-sourcepos=\"15:1-15:763\">Die Inhalte des Dienstes umfassen Links zu Videos, Videos, Grafiken, Fotos, Texte (wie Kommentare und Skripte), Branding (einschlie\u00dflich Handelsnamen, Marken, Dienstleistungsmarken oder Logos), interaktive Funktionen, Software, Metriken und andere Materialien (zusammenfassend \u201eInhalt\u201c). Inhalte k\u00f6nnen dem Dienst von unseren Nutzern zur Verf\u00fcgung gestellt und verbreitet werden, und CrochetnKnitting.com ist ein Anbieter von Hosting-Diensten f\u00fcr solche Inhalte. F\u00fcr den Inhalt ist die Person oder Einheit verantwortlich, die ihn dem Dienst zur Verf\u00fcgung stellt. Wenn Sie Inhalte sehen, von denen Sie glauben, dass sie diesen Bedingungen nicht entsprechen, wie z.B. durch Verletzung der <strong>Community-Richtlinien<\/strong> oder des Gesetzes, k\u00f6nnen Sie uns dies <strong>melden<\/strong>.<\/p>\n<h4 data-sourcepos=\"17:1-17:39\">Konten und Erstellen von Beitr\u00e4gen<\/h4>\n<p data-sourcepos=\"18:1-18:511\">Sie k\u00f6nnen Teile des Dienstes, wie das Durchsuchen und Suchen von Inhalten, ohne ein Konto nutzen. F\u00fcr die Nutzung einiger Funktionen ben\u00f6tigen Sie jedoch ein Konto. Mit einem Konto k\u00f6nnen Sie Beitr\u00e4ge liken, Kan\u00e4le anderer Nutzer abonnieren, eigene Beitr\u00e4ge erstellen und vieles mehr. Das Erstellen von Beitr\u00e4gen erm\u00f6glicht Ihnen den Zugriff auf zus\u00e4tzliche Funktionen, wie das Hochladen von Videos, das Kommentieren oder das Erstellen von Listen. Um Ihr Konto zu sch\u00fctzen, halten Sie Ihr Passwort vertraulich.<\/p>\n<h4 data-sourcepos=\"20:1-20:23\">Ihre Informationen<\/h4>\n<p data-sourcepos=\"21:1-21:145\">Unsere <strong>Datenschutzerkl\u00e4rung<\/strong> erl\u00e4utert, wie wir Ihre pers\u00f6nlichen Daten behandeln und Ihre Privatsph\u00e4re bei der Nutzung des Dienstes sch\u00fctzen.<\/p>\n<h4 data-sourcepos=\"23:1-23:35\">Ihre Inhalte und Ihr Verhalten<\/h4>\n<h5 data-sourcepos=\"25:1-25:28\">Hochladen von Inhalten<\/h5>\n<p data-sourcepos=\"26:1-26:820\">Wenn Sie ein CrochetnKnitting.com-Konto haben, k\u00f6nnen Sie Inhalte in den Dienst hochladen. Sie k\u00f6nnen Ihre Inhalte verwenden, um Ihr Gesch\u00e4ft oder Ihre k\u00fcnstlerische Unternehmung zu bewerben. Wenn Sie Inhalte hochladen, d\u00fcrfen Sie dem Dienst keine Inhalte \u00fcbermitteln, die diesem Vertrag oder dem Gesetz nicht entsprechen. Zum Beispiel <span class=\"citation-3 citation-end-3\">d\u00fcrfen die von Ihnen eingereichten Inhalte kein geistiges Eigentum Dritter (wie urheberrechtlich gesch\u00fctztes Material) enthalten, es sei denn, Sie haben die<\/span> Genehmigung dieser Partei oder sind anderweitig gesetzlich dazu berechtigt. Sie sind rechtlich f\u00fcr die Inhalte verantwortlich, die Sie dem Dienst \u00fcbermitteln. Wir k\u00f6nnen automatisierte Systeme verwenden, die Ihre Inhalte analysieren, um Verst\u00f6\u00dfe und Missbrauch, wie Spam, Malware und illegale Inhalte, zu erkennen.<\/p>\n<h5 data-sourcepos=\"28:1-28:31\">Rechte, die Sie einr\u00e4umen<\/h5>\n<h6 data-sourcepos=\"30:1-30:37\">Lizenz an CrochetnKnitting.com<\/h6>\n<p data-sourcepos=\"31:1-31:362\">Indem Sie Inhalte dem Dienst zur Verf\u00fcgung stellen, gew\u00e4hren Sie CrochetnKnitting.com eine weltweite, nicht-exklusive, geb\u00fchrenfreie, \u00fcbertragbare, unterlizenzierbare Lizenz zur Nutzung dieser Inhalte (einschlie\u00dflich der Vervielf\u00e4ltigung, Verbreitung, Modifikation, Anzeige und Auff\u00fchrung) zum Zweck des Betriebs, der F\u00f6rderung und der Verbesserung des Dienstes.<\/p>\n<h6 data-sourcepos=\"33:1-33:30\">Lizenz an andere Nutzer<\/h6>\n<p data-sourcepos=\"34:1-34:328\">Sie gew\u00e4hren auch jedem anderen Nutzer des Dienstes eine weltweite, nicht-exklusive, geb\u00fchrenfreie Lizenz zum Zugriff auf Ihre Inhalte \u00fcber den Dienst und zur Nutzung dieser Inhalte (einschlie\u00dflich der Vervielf\u00e4ltigung, Verbreitung, Modifikation, Anzeige und Auff\u00fchrung) nur im Rahmen der vom Dienst bereitgestellten Funktionen.<\/p>\n<h5 data-sourcepos=\"36:1-36:22\">Dauer der Lizenz<\/h5>\n<p data-sourcepos=\"37:1-37:628\">Die von Ihnen gew\u00e4hrten Lizenzen <span class=\"citation-2 citation-end-2\">bestehen, bis der Inhalt wie unten beschrieben entfernt wird. Nach der Entfernung erl\u00f6schen die Lizenzen, es sei denn, der Betrieb<\/span> des Dienstes, die Nutzung von Inhalten, die vor Ihrer Entfernung erlaubt waren, oder das Gesetz erfordern etwas anderes. Die Entfernung von Inhalten durch Sie verpflichtet CrochetnKnitting.com beispielsweise nicht dazu, (a) Inhalte zur\u00fcckzurufen, die von anderen Nutzern innerhalb einer begrenzten Offline-Ansichtsfunktion des Dienstes verwendet werden; oder (b) Kopien zu l\u00f6schen, die wir aus rechtlichen Gr\u00fcnden vern\u00fcnftigerweise aufbewahren m\u00fcssen.<\/p>\n<h5 data-sourcepos=\"39:1-39:30\">Entfernung Ihrer Inhalte<\/h5>\n<p data-sourcepos=\"40:1-40:283\">Sie k\u00f6nnen Ihre Inhalte jederzeit aus dem Dienst <strong>entfernen<\/strong>. Sie haben auch die M\u00f6glichkeit, <strong>eine Kopie Ihrer Inhalte zu erstellen<\/strong>, bevor Sie diese entfernen. Sie m\u00fcssen Ihre Inhalte entfernen, wenn Sie nicht mehr \u00fcber die in diesen Bedingungen erforderlichen Rechte verf\u00fcgen.<\/p>\n<h5 data-sourcepos=\"42:1-42:56\">Entfernung von Inhalten durch CrochetnKnitting.com<\/h5>\n<p data-sourcepos=\"43:1-43:720\">Wenn wir vern\u00fcnftigerweise der Ansicht sind, dass Inhalte gegen diese Vereinbarung versto\u00dfen oder CrochetnKnitting.com, unseren Nutzern oder Dritten Schaden zuf\u00fcgen k\u00f6nnten, k\u00f6nnen wir solche Inhalte ganz oder teilweise entfernen oder l\u00f6schen. Wir werden Sie \u00fcber den Grund unserer Ma\u00dfnahme informieren, es sei denn, wir sind vern\u00fcnftigerweise der Ansicht, dass dies: (a) gegen das Gesetz oder die Anweisung einer Strafverfolgungsbeh\u00f6rde versto\u00dfen oder anderweitig ein rechtliches Risiko f\u00fcr CrochetnKnitting.com darstellen w\u00fcrde; (b) eine Untersuchung oder die Integrit\u00e4t oder den Betrieb des Dienstes gef\u00e4hrden w\u00fcrde; oder (c) einem Nutzer, einer anderen dritten Partei oder CrochetnKnitting.com Schaden zuf\u00fcgen w\u00fcrde.<\/p>\n<h3 data-sourcepos=\"45:1-45:23\">Urheberrechtsschutz<\/h3>\n<p data-sourcepos=\"46:1-46:116\">Wenn Sie der Meinung sind, dass Ihr Urheberrecht im Dienst verletzt wurde, senden Sie uns bitte eine <strong>Mitteilung<\/strong>.<\/p>\n<hr data-sourcepos=\"48:1-48:3\" \/>\n<h3 data-sourcepos=\"50:1-50:31\">Kontosperrung und K\u00fcndigung<\/h3>\n<h4 data-sourcepos=\"52:1-52:26\">K\u00fcndigungen durch Sie<\/h4>\n<p data-sourcepos=\"53:1-53:100\">Sie k\u00f6nnen die Nutzung des Dienstes jederzeit einstellen, was die Entfernung Ihrer Daten beinhaltet.<\/p>\n<h4 data-sourcepos=\"55:1-55:78\">K\u00fcndigungen und Sperrungen durch CrochetnKnitting.com aus wichtigem Grund<\/h4>\n<p data-sourcepos=\"56:1-56:480\">CrochetnKnitting.com kann Ihren Zugang zum gesamten Dienst oder Teilen davon sperren oder k\u00fcndigen, wenn: (a) Sie diese Vereinbarung wesentlich oder wiederholt verletzen; (b) wir dazu verpflichtet sind, um einer rechtlichen Anforderung oder einer gerichtlichen Anordnung nachzukommen; oder (c) wir vern\u00fcnftigerweise der Ansicht sind, dass ein Verhalten vorliegt, das eine Haftung oder einen Schaden f\u00fcr einen Nutzer, eine andere dritte Partei oder CrochetnKnitting.com verursacht.<\/p>\n<h4 data-sourcepos=\"58:1-58:66\">K\u00fcndigungen durch CrochetnKnitting.com wegen Dienst\u00e4nderungen<\/h4>\n<p data-sourcepos=\"59:1-59:230\">CrochetnKnitting.com kann Ihren Zugang zum gesamten Dienst oder Teilen davon k\u00fcndigen, wenn CrochetnKnitting.com vern\u00fcnftigerweise der Ansicht ist, dass die Bereitstellung des Dienstes f\u00fcr Sie nicht mehr kommerziell tragf\u00e4hig ist.<\/p>\n<h4 data-sourcepos=\"61:1-61:40\">Hinweis zur K\u00fcndigung oder Sperrung<\/h4>\n<p data-sourcepos=\"62:1-62:745\">Wir werden Sie \u00fcber den Grund der K\u00fcndigung oder Sperrung durch CrochetnKnitting.com informieren, es sei denn, wir sind vern\u00fcnftigerweise der Ansicht, dass dies: (a) gegen das Gesetz oder die Anweisung einer Strafverfolgungsbeh\u00f6rde versto\u00dfen oder anderweitig ein rechtliches Risiko f\u00fcr CrochetnKnitting.com darstellen w\u00fcrde; (b) eine Untersuchung oder die Integrit\u00e4t oder den Betrieb des Dienstes gef\u00e4hrden w\u00fcrde; oder (c) einem Nutzer, einer anderen dritten Partei, CrochetnKnitting.com oder unseren verbundenen Unternehmen Schaden zuf\u00fcgen w\u00fcrde. Wenn CrochetnKnitting.com Ihren Zugang aufgrund von Dienst\u00e4nderungen beendet, erhalten Sie, wenn dies vern\u00fcnftigerweise m\u00f6glich ist, ausreichend Zeit, um Ihre Inhalte aus dem Dienst zu exportieren.<\/p>\n<h4 data-sourcepos=\"64:1-64:51\">Auswirkungen der Kontosperrung oder -k\u00fcndigung<\/h4>\n<p data-sourcepos=\"65:1-65:314\">Wenn Ihr Konto gek\u00fcndigt oder eingeschr\u00e4nkt wird, k\u00f6nnen Sie bestimmte Aspekte des Dienstes (wie z.B. nur die Anzeige) ohne Konto weiterhin nutzen, und diese Vereinbarung gilt weiterhin f\u00fcr diese Nutzung. Wenn Sie der Meinung sind, dass Ihr Konto f\u00e4lschlicherweise gek\u00fcndigt wurde, k\u00f6nnen Sie uns <strong>kontaktieren<\/strong>.<\/p>\n<hr data-sourcepos=\"67:1-67:3\" \/>\n<h3 data-sourcepos=\"69:1-69:33\">Andere rechtliche Bedingungen<\/h3>\n<h4 data-sourcepos=\"71:1-71:19\">Gew\u00e4hrleistung<\/h4>\n<p data-sourcepos=\"72:1-72:68\">Wir erbringen den Dienst mit angemessener Sorgfalt und Sachkenntnis.<\/p>\n<h4 data-sourcepos=\"74:1-74:23\">Haftungsausschluss<\/h4>\n<p data-sourcepos=\"75:1-75:706\">Gesetzlich haben Verbraucher bestimmte Rechte, die durch einen Vertrag nicht ausgeschlossen oder ge\u00e4ndert werden k\u00f6nnen. Nichts in dieser Vereinbarung ber\u00fchrt jene Rechte, die Sie als Verbraucher haben. Au\u00dfer wie in dieser Vereinbarung ausdr\u00fccklich angegeben oder gesetzlich vorgeschrieben, macht CrochetnKnitting.com keine spezifischen Versprechen bez\u00fcglich des Dienstes. Zum Beispiel machen wir keine Versprechen \u00fcber: die \u00fcber den Dienst bereitgestellten Inhalte; die spezifischen Funktionen des Dienstes oder seine Genauigkeit, Zuverl\u00e4ssigkeit, Verf\u00fcgbarkeit oder F\u00e4higkeit, Ihre Bed\u00fcrfnisse zu erf\u00fcllen; oder dass alle von Ihnen eingereichten Inhalte zug\u00e4nglich oder auf dem Dienst gespeichert werden.<\/p>\n<h4 data-sourcepos=\"77:1-77:25\">Haftungsbeschr\u00e4nkung<\/h4>\n<p data-sourcepos=\"78:1-78:384\">Alle Nutzer: Nichts in dieser Vereinbarung soll die Haftung einer Partei f\u00fcr: Tod oder K\u00f6rperverletzung; Betrug; betr\u00fcgerische Falschdarstellung; oder jede Haftung, die gesetzlich nicht ausgeschlossen oder beschr\u00e4nkt werden kann, ausschlie\u00dfen oder beschr\u00e4nken. Soweit nach geltendem Recht zul\u00e4ssig, sind CrochetnKnitting.com und seine verbundenen Unternehmen nicht verantwortlich f\u00fcr:<\/p>\n<ul data-sourcepos=\"80:1-83:0\">\n<li data-sourcepos=\"80:1-80:143\">Verluste, die nicht durch die Verletzung dieser Vereinbarung durch CrochetnKnitting.com oder seine verbundenen Unternehmen verursacht wurden;<\/li>\n<li data-sourcepos=\"81:1-81:271\">Verluste oder Sch\u00e4den, die zum Zeitpunkt des Abschlusses dieser Vereinbarung zwischen Ihnen und CrochetnKnitting.com keine vern\u00fcnftigerweise vorhersehbare Folge der Verletzung dieser Vereinbarung durch CrochetnKnitting.com oder seine verbundenen Unternehmen waren; oder<\/li>\n<li data-sourcepos=\"82:1-83:0\">den Inhalt, der von einem Nutzer eingereicht wird, oder f\u00fcr das diffamierende, beleidigende oder illegale Verhalten eines Nutzers.<\/li>\n<\/ul>\n<h4 data-sourcepos=\"84:1-84:28\">Links zu Drittanbietern<\/h4>\n<p data-sourcepos=\"85:1-85:474\">Der Dienst kann Links zu Websites Dritter und Online-Diensten enthalten, die nicht Eigentum von CrochetnKnitting.com sind oder von diesem kontrolliert werden. CrochetnKnitting.com hat keine Kontrolle \u00fcber solche Websites und Online-Dienste und \u00fcbernimmt keine Verantwortung daf\u00fcr. Seien Sie vorsichtig, wenn Sie den Dienst verlassen; wir empfehlen Ihnen, die Bedingungen und Datenschutzbestimmungen jeder Website und jedes Online-Dienstes Dritter zu lesen, die Sie besuchen.<\/p>\n<h4 data-sourcepos=\"87:1-87:18\">Kein Verzicht<\/h4>\n<h2 data-sourcepos=\"88:1-89:3\">Wenn Sie diese Vereinbarung nicht einhalten und wir nicht sofort Ma\u00dfnahmen ergreifen, bedeutet dies nicht, dass wir auf Rechte verzichten.<\/h2>\n","protected":false},"excerpt":{"rendered":"<p>Willkommen bei CrochetnKnitting.com! Einf\u00fchrung Vielen Dank, dass Sie die Plattform CrochetnKnitting.com und die Produkte, Dienste und Funktionen, die wir Ihnen im Rahmen der Plattform zur Verf\u00fcgung stellen (zusammen der \u201eDienst\u201c), nutzen. Unser Dienst Der Dienst erm\u00f6glicht es Ihnen, H\u00e4kel- und Strickmuster sowie andere Inhalte zu entdecken, bietet ein Forum f\u00fcr Menschen, um sich weltweit zu [&hellip;] <a class=\"g1-link g1-link-more\" href=\"https:\/\/crochetnknitting.com\/de\/terms-and-conditions\/\">Mehr<\/a><\/p>\n","protected":false},"author":1,"featured_media":0,"parent":0,"menu_order":0,"comment_status":"closed","ping_status":"closed","template":"","meta":{"footnotes":""},"class_list":["post-427","page","type-page","status-publish"],"yoast_head":"<!-- This site is optimized with the Yoast SEO plugin v27.5 - https:\/\/yoast.com\/product\/yoast-seo-wordpress\/ -->\n<title>Allgemeine Gesch\u00e4ftsbedingungen - Crochet &amp; Knitting (De)<\/title>\n<meta name=\"robots\" content=\"index, follow, max-snippet:-1, max-image-preview:large, max-video-preview:-1\" \/>\n<link rel=\"canonical\" href=\"https:\/\/crochetnknitting.com\/de\/terms-and-conditions\/\" \/>\n<meta property=\"og:locale\" content=\"de_DE\" \/>\n<meta property=\"og:type\" content=\"article\" \/>\n<meta property=\"og:title\" content=\"Allgemeine Gesch\u00e4ftsbedingungen - Crochet &amp; Knitting (De)\" \/>\n<meta property=\"og:description\" content=\"Willkommen bei CrochetnKnitting.com! Einf\u00fchrung Vielen Dank, dass Sie die Plattform CrochetnKnitting.com und die Produkte, Dienste und Funktionen, die wir Ihnen im Rahmen der Plattform zur Verf\u00fcgung stellen (zusammen der \u201eDienst\u201c), nutzen. Unser Dienst Der Dienst erm\u00f6glicht es Ihnen, H\u00e4kel- und Strickmuster sowie andere Inhalte zu entdecken, bietet ein Forum f\u00fcr Menschen, um sich weltweit zu [&hellip;] Mehr\" \/>\n<meta property=\"og:url\" content=\"https:\/\/crochetnknitting.com\/de\/terms-and-conditions\/\" \/>\n<meta property=\"og:site_name\" content=\"Crochet &amp; Knitting (De)\" \/>\n<meta property=\"article:publisher\" content=\"https:\/\/facebook.com\/crochetnknittingcom\" \/>\n<meta property=\"article:modified_time\" content=\"2025-06-01T13:19:51+00:00\" \/>\n<meta name=\"twitter:card\" content=\"summary_large_image\" \/>\n<meta name=\"twitter:site\" content=\"@crochetnknitting\" \/>\n<meta name=\"twitter:label1\" content=\"Gesch\u00e4tzte Lesezeit\" \/>\n\t<meta name=\"twitter:data1\" content=\"8\u00a0Minuten\" \/>\n<script type=\"application\/ld+json\" class=\"yoast-schema-graph\">{\"@context\":\"https:\\\/\\\/schema.org\",\"@graph\":[{\"@type\":\"WebPage\",\"@id\":\"https:\\\/\\\/crochetnknitting.com\\\/de\\\/terms-and-conditions\\\/\",\"url\":\"https:\\\/\\\/crochetnknitting.com\\\/de\\\/terms-and-conditions\\\/\",\"name\":\"Allgemeine Gesch\u00e4ftsbedingungen - Crochet &amp; Knitting (De)\",\"isPartOf\":{\"@id\":\"https:\\\/\\\/crochetnknitting.com\\\/de\\\/#website\"},\"datePublished\":\"2016-02-29T14:03:25+00:00\",\"dateModified\":\"2025-06-01T13:19:51+00:00\",\"breadcrumb\":{\"@id\":\"https:\\\/\\\/crochetnknitting.com\\\/de\\\/terms-and-conditions\\\/#breadcrumb\"},\"inLanguage\":\"de\",\"potentialAction\":[{\"@type\":\"ReadAction\",\"target\":[\"https:\\\/\\\/crochetnknitting.com\\\/de\\\/terms-and-conditions\\\/\"]}]},{\"@type\":\"BreadcrumbList\",\"@id\":\"https:\\\/\\\/crochetnknitting.com\\\/de\\\/terms-and-conditions\\\/#breadcrumb\",\"itemListElement\":[{\"@type\":\"ListItem\",\"position\":1,\"name\":\"Home\",\"item\":\"https:\\\/\\\/crochetnknitting.com\\\/de\\\/\"},{\"@type\":\"ListItem\",\"position\":2,\"name\":\"Allgemeine Gesch\u00e4ftsbedingungen\"}]},{\"@type\":\"WebSite\",\"@id\":\"https:\\\/\\\/crochetnknitting.com\\\/de\\\/#website\",\"url\":\"https:\\\/\\\/crochetnknitting.com\\\/de\\\/\",\"name\":\"Crochet & Knitting\",\"description\":\"Kostenlose Strick- und H\u00e4kelanleitungen\",\"publisher\":{\"@id\":\"https:\\\/\\\/crochetnknitting.com\\\/de\\\/#organization\"},\"potentialAction\":[{\"@type\":\"SearchAction\",\"target\":{\"@type\":\"EntryPoint\",\"urlTemplate\":\"https:\\\/\\\/crochetnknitting.com\\\/de\\\/?s={search_term_string}\"},\"query-input\":{\"@type\":\"PropertyValueSpecification\",\"valueRequired\":true,\"valueName\":\"search_term_string\"}}],\"inLanguage\":\"de\"},{\"@type\":\"Organization\",\"@id\":\"https:\\\/\\\/crochetnknitting.com\\\/de\\\/#organization\",\"name\":\"Crochet & Knitting\",\"url\":\"https:\\\/\\\/crochetnknitting.com\\\/de\\\/\",\"logo\":{\"@type\":\"ImageObject\",\"inLanguage\":\"de\",\"@id\":\"https:\\\/\\\/crochetnknitting.com\\\/de\\\/#\\\/schema\\\/logo\\\/image\\\/\",\"url\":\"https:\\\/\\\/crochetnknitting.com\\\/de\\\/wp-content\\\/uploads\\\/2020\\\/10\\\/logo_CK_500_500_001c.png\",\"contentUrl\":\"https:\\\/\\\/crochetnknitting.com\\\/de\\\/wp-content\\\/uploads\\\/2020\\\/10\\\/logo_CK_500_500_001c.png\",\"width\":500,\"height\":500,\"caption\":\"Crochet & Knitting\"},\"image\":{\"@id\":\"https:\\\/\\\/crochetnknitting.com\\\/de\\\/#\\\/schema\\\/logo\\\/image\\\/\"},\"sameAs\":[\"https:\\\/\\\/facebook.com\\\/crochetnknittingcom\",\"https:\\\/\\\/x.com\\\/crochetnknitting\",\"https:\\\/\\\/www.facebook.com\\\/groups\\\/crochetnknitting\"]}]}<\/script>\n<!-- \/ Yoast SEO plugin. -->","yoast_head_json":{"title":"Allgemeine Gesch\u00e4ftsbedingungen - Crochet &amp; Knitting (De)","robots":{"index":"index","follow":"follow","max-snippet":"max-snippet:-1","max-image-preview":"max-image-preview:large","max-video-preview":"max-video-preview:-1"},"canonical":"https:\/\/crochetnknitting.com\/de\/terms-and-conditions\/","og_locale":"de_DE","og_type":"article","og_title":"Allgemeine Gesch\u00e4ftsbedingungen - Crochet &amp; Knitting (De)","og_description":"Willkommen bei CrochetnKnitting.com! Einf\u00fchrung Vielen Dank, dass Sie die Plattform CrochetnKnitting.com und die Produkte, Dienste und Funktionen, die wir Ihnen im Rahmen der Plattform zur Verf\u00fcgung stellen (zusammen der \u201eDienst\u201c), nutzen. Unser Dienst Der Dienst erm\u00f6glicht es Ihnen, H\u00e4kel- und Strickmuster sowie andere Inhalte zu entdecken, bietet ein Forum f\u00fcr Menschen, um sich weltweit zu [&hellip;] Mehr","og_url":"https:\/\/crochetnknitting.com\/de\/terms-and-conditions\/","og_site_name":"Crochet &amp; Knitting (De)","article_publisher":"https:\/\/facebook.com\/crochetnknittingcom","article_modified_time":"2025-06-01T13:19:51+00:00","twitter_card":"summary_large_image","twitter_site":"@crochetnknitting","twitter_misc":{"Gesch\u00e4tzte Lesezeit":"8\u00a0Minuten"},"schema":{"@context":"https:\/\/schema.org","@graph":[{"@type":"WebPage","@id":"https:\/\/crochetnknitting.com\/de\/terms-and-conditions\/","url":"https:\/\/crochetnknitting.com\/de\/terms-and-conditions\/","name":"Allgemeine Gesch\u00e4ftsbedingungen - Crochet &amp; Knitting (De)","isPartOf":{"@id":"https:\/\/crochetnknitting.com\/de\/#website"},"datePublished":"2016-02-29T14:03:25+00:00","dateModified":"2025-06-01T13:19:51+00:00","breadcrumb":{"@id":"https:\/\/crochetnknitting.com\/de\/terms-and-conditions\/#breadcrumb"},"inLanguage":"de","potentialAction":[{"@type":"ReadAction","target":["https:\/\/crochetnknitting.com\/de\/terms-and-conditions\/"]}]},{"@type":"BreadcrumbList","@id":"https:\/\/crochetnknitting.com\/de\/terms-and-conditions\/#breadcrumb","itemListElement":[{"@type":"ListItem","position":1,"name":"Home","item":"https:\/\/crochetnknitting.com\/de\/"},{"@type":"ListItem","position":2,"name":"Allgemeine Gesch\u00e4ftsbedingungen"}]},{"@type":"WebSite","@id":"https:\/\/crochetnknitting.com\/de\/#website","url":"https:\/\/crochetnknitting.com\/de\/","name":"Crochet & Knitting","description":"Kostenlose Strick- und H\u00e4kelanleitungen","publisher":{"@id":"https:\/\/crochetnknitting.com\/de\/#organization"},"potentialAction":[{"@type":"SearchAction","target":{"@type":"EntryPoint","urlTemplate":"https:\/\/crochetnknitting.com\/de\/?s={search_term_string}"},"query-input":{"@type":"PropertyValueSpecification","valueRequired":true,"valueName":"search_term_string"}}],"inLanguage":"de"},{"@type":"Organization","@id":"https:\/\/crochetnknitting.com\/de\/#organization","name":"Crochet & Knitting","url":"https:\/\/crochetnknitting.com\/de\/","logo":{"@type":"ImageObject","inLanguage":"de","@id":"https:\/\/crochetnknitting.com\/de\/#\/schema\/logo\/image\/","url":"https:\/\/crochetnknitting.com\/de\/wp-content\/uploads\/2020\/10\/logo_CK_500_500_001c.png","contentUrl":"https:\/\/crochetnknitting.com\/de\/wp-content\/uploads\/2020\/10\/logo_CK_500_500_001c.png","width":500,"height":500,"caption":"Crochet & Knitting"},"image":{"@id":"https:\/\/crochetnknitting.com\/de\/#\/schema\/logo\/image\/"},"sameAs":["https:\/\/facebook.com\/crochetnknittingcom","https:\/\/x.com\/crochetnknitting","https:\/\/www.facebook.com\/groups\/crochetnknitting"]}]}},"wps_subtitle":"","_links":{"self":[{"href":"https:\/\/crochetnknitting.com\/de\/wp-json\/wp\/v2\/pages\/427","targetHints":{"allow":["GET"]}}],"collection":[{"href":"https:\/\/crochetnknitting.com\/de\/wp-json\/wp\/v2\/pages"}],"about":[{"href":"https:\/\/crochetnknitting.com\/de\/wp-json\/wp\/v2\/types\/page"}],"author":[{"embeddable":true,"href":"https:\/\/crochetnknitting.com\/de\/wp-json\/wp\/v2\/users\/1"}],"replies":[{"embeddable":true,"href":"https:\/\/crochetnknitting.com\/de\/wp-json\/wp\/v2\/comments?post=427"}],"version-history":[{"count":3,"href":"https:\/\/crochetnknitting.com\/de\/wp-json\/wp\/v2\/pages\/427\/revisions"}],"predecessor-version":[{"id":4019,"href":"https:\/\/crochetnknitting.com\/de\/wp-json\/wp\/v2\/pages\/427\/revisions\/4019"}],"wp:attachment":[{"href":"https:\/\/crochetnknitting.com\/de\/wp-json\/wp\/v2\/media?parent=427"}],"curies":[{"name":"wp","href":"https:\/\/api.w.org\/{rel}","templated":true}]}}