{"id":2316,"date":"2020-10-16T11:52:33","date_gmt":"2020-10-16T11:52:33","guid":{"rendered":"https:\/\/crochetnknitting.com\/de\/?page_id=2316"},"modified":"2025-06-01T14:14:21","modified_gmt":"2025-06-01T13:14:21","slug":"privacy","status":"publish","type":"page","link":"https:\/\/crochetnknitting.com\/de\/privacy\/","title":{"rendered":"Datenschutz"},"content":{"rendered":"<h2 data-sourcepos=\"2:1-2:23\">Datenschutzerkl\u00e4rung<\/h2>\n<p data-sourcepos=\"4:1-4:315\">Wir nehmen Ihren Datenschutz ernst. Um auf unsere Beitr\u00e4ge zuzugreifen oder unsere Website zu durchsuchen, m\u00fcssen Sie keine pers\u00f6nlichen Informationen teilen. Sie m\u00fcssen lediglich ein Minimum an pers\u00f6nlichen Informationen angeben, wenn Sie uns kontaktieren\/sich mit uns verbinden, wie unten detailliert beschrieben.<\/p>\n<h3 data-sourcepos=\"6:1-6:36\">Von uns gesammelte Informationen<\/h3>\n<p data-sourcepos=\"8:1-8:78\">Wir sammeln die folgenden Informationen an bestimmten Stellen unserer Website:<\/p>\n<ul data-sourcepos=\"10:1-14:0\">\n<li data-sourcepos=\"10:1-10:183\"><strong>Name, E-Mail und andere Informationen (freiwillig)<\/strong>, wenn Sie einen Kommentar in unseren Kommentarfeldern (die Sie in jedem Muster, Garn, Video usw. finden) hinterlassen m\u00f6chten.<\/li>\n<li data-sourcepos=\"11:1-11:122\"><strong>E-Mail<\/strong> bei Kommentaren, die Fragen sind \u2013 dies ist nicht zwingend, Sie m\u00fcssen lediglich eine E-Mail-Adresse angeben.<\/li>\n<li data-sourcepos=\"12:1-12:186\"><strong>E-Mail<\/strong> in unserem &#8220;Favoriten&#8221;-System. Wenn Sie dieses System nutzen, wird in Ihrem Browser ein Cookie erstellt, um zu verhindern, dass Sie Ihre E-Mail immer wieder eingeben m\u00fcssen.<\/li>\n<li data-sourcepos=\"13:1-14:0\"><strong>Name, E-Mail-Adresse und andere Informationen (freiwillig)<\/strong> in den Formularen zum Kommentieren in unseren neuen Kollektionen (sowohl beim Abstimmen als auch beim Kommentieren jedes Designs).<\/li>\n<\/ul>\n<h3 data-sourcepos=\"15:1-15:42\">Wie die Informationen verwendet werden<\/h3>\n<p data-sourcepos=\"17:1-17:452\"><strong>Kommentare:<\/strong> Wenn Sie einen Kommentar zu unseren Mustern, Videos, Garnen, Lektionen oder Hinweisen hinterlassen, werden der Kommentar sowie Ihr Name und Ihre Website (falls Sie diese geteilt haben) auf unserer Website angezeigt. Wenn Sie Ihre E-Mail-Adresse angeben, um eine Benachrichtigung \u00fcber eine Antwort zu erhalten, wird Ihre E-Mail nicht angezeigt und automatisch aus unserer Datenbank gel\u00f6scht, sobald diese Benachrichtigung gesendet wurde.<\/p>\n<p data-sourcepos=\"19:1-19:359\">Wir werden Ihre Informationen <strong>niemals an Dritte verkaufen<\/strong>. Wir werden keine E-Mail-Adressen, die Sie auf unserer Website eingegeben haben, verwenden, um Ihnen Werbe-Newsletter oder andere E-Mail-Kommunikation zu senden, es sei denn, dies wurde anders angegeben (wie im Falle der Newsletter-Anmeldeseite oder des Frage-\/Antwort-Benachrichtigungsformulars).<\/p>\n<hr data-sourcepos=\"21:1-21:3\" \/>\n<h3 data-sourcepos=\"23:1-23:11\">Cookies<\/h3>\n<p data-sourcepos=\"25:1-26:348\"><strong>Was sind Cookies?<\/strong> Ein &#8220;Cookie&#8221; ist eine kleine Datei, die eine Zeichenfolge enth\u00e4lt und an Ihren Computer gesendet wird, wenn Sie eine Website besuchen. Auf unseren Seiten verwenden wir Cookies, um Ihr Surferlebnis zu verbessern, indem wir uns zum Beispiel merken, welche E-Mail Sie bei Favoriten verwendet haben, damit Sie diese nicht jedes Mal neu eingeben m\u00fcssen.<\/p>\n<p data-sourcepos=\"28:1-28:288\">Sie k\u00f6nnen Cookies in den Einstellungen der meisten Webbrowser steuern. Um mehr \u00fcber <span class=\"citation-1\">Cookies zu erfahren, einschlie\u00dflich <\/span><span class=\"citation-0 citation-1 citation-end-1\">wie Sie sehen k\u00f6nnen, welche Cookies gesetzt wurden und wie Sie diese verwalten und l\u00f6schen k\u00f6nnen, besuchen Sie<\/span> <a href=\"http:\/\/www.allaboutcookies.org\/\"><strong><span class=\"citation-0\">www.allaboutcookies.org<\/span><\/strong><\/a><span class=\"citation-0 citation-end-0\">.<\/span><\/p>\n<h3 data-sourcepos=\"30:1-30:20\">Google Analytics<\/h3>\n<p data-sourcepos=\"32:1-32:572\">Wir verwenden einen Dienst von Google namens Google Analytics, um Informationen \u00fcber die Besucher unserer Website zu sammeln; wie zum Beispiel, welche Seiten sie auf unserer Website besuchen, wie lange sie dort verweilen und welche Art von Browser sie verwenden. Die Informationen werden \u00fcber JavaScript-Tags gesammelt, aber Ihre pers\u00f6nlichen Informationen werden niemals abgefragt, gesammelt oder gespeichert \u2013 wir k\u00f6nnen Sie also nicht identifizieren. Sie k\u00f6nnen mehr \u00fcber die Datenschutzbestimmungen von Google Analytics und deren Verwendung von Cookies<a href=\"https:\/\/support.google.com\/analytics\/answer\/6004245\"> <strong>hier<\/strong> <\/a>lesen.<\/p>\n<h3 data-sourcepos=\"34:1-34:13\">reCAPTCHA<\/h3>\n<p data-sourcepos=\"36:1-36:254\">Diese Website ist durch reCAPTCHA gesch\u00fctzt, und es gelten die <a href=\"https:\/\/policies.google.com\/privacy\"><strong>Datenschutzbestimmungen<\/strong> <\/a>und <a href=\"https:\/\/policies.google.com\/terms\"><strong>Nutzungsbedingungen<\/strong> <\/a>von Google. reCAPTCHA ist ein Tool von Google, um unsere Website vor Spam und anderen Arten von automatisiertem Missbrauch zu sch\u00fctzen.<\/p>\n","protected":false},"excerpt":{"rendered":"<p>Datenschutzerkl\u00e4rung Wir nehmen Ihren Datenschutz ernst. Um auf unsere Beitr\u00e4ge zuzugreifen oder unsere Website zu durchsuchen, m\u00fcssen Sie keine pers\u00f6nlichen Informationen teilen. Sie m\u00fcssen lediglich ein Minimum an pers\u00f6nlichen Informationen angeben, wenn Sie uns kontaktieren\/sich mit uns verbinden, wie unten detailliert beschrieben. Von uns gesammelte Informationen Wir sammeln die folgenden Informationen an bestimmten Stellen unserer [&hellip;] <a class=\"g1-link g1-link-more\" href=\"https:\/\/crochetnknitting.com\/de\/privacy\/\">Mehr<\/a><\/p>\n","protected":false},"author":1,"featured_media":0,"parent":0,"menu_order":0,"comment_status":"closed","ping_status":"closed","template":"","meta":{"footnotes":""},"class_list":["post-2316","page","type-page","status-publish"],"yoast_head":"<!-- This site is optimized with the Yoast SEO plugin v27.5 - https:\/\/yoast.com\/product\/yoast-seo-wordpress\/ -->\n<title>Datenschutz - Crochet &amp; Knitting (De)<\/title>\n<meta name=\"robots\" content=\"index, follow, max-snippet:-1, max-image-preview:large, max-video-preview:-1\" \/>\n<link rel=\"canonical\" href=\"https:\/\/crochetnknitting.com\/de\/privacy\/\" \/>\n<meta property=\"og:locale\" content=\"de_DE\" \/>\n<meta property=\"og:type\" content=\"article\" \/>\n<meta property=\"og:title\" content=\"Datenschutz - Crochet &amp; Knitting (De)\" \/>\n<meta property=\"og:description\" content=\"Datenschutzerkl\u00e4rung Wir nehmen Ihren Datenschutz ernst. Um auf unsere Beitr\u00e4ge zuzugreifen oder unsere Website zu durchsuchen, m\u00fcssen Sie keine pers\u00f6nlichen Informationen teilen. Sie m\u00fcssen lediglich ein Minimum an pers\u00f6nlichen Informationen angeben, wenn Sie uns kontaktieren\/sich mit uns verbinden, wie unten detailliert beschrieben. Von uns gesammelte Informationen Wir sammeln die folgenden Informationen an bestimmten Stellen unserer [&hellip;] Mehr\" \/>\n<meta property=\"og:url\" content=\"https:\/\/crochetnknitting.com\/de\/privacy\/\" \/>\n<meta property=\"og:site_name\" content=\"Crochet &amp; Knitting (De)\" \/>\n<meta property=\"article:publisher\" content=\"https:\/\/facebook.com\/crochetnknittingcom\" \/>\n<meta property=\"article:modified_time\" content=\"2025-06-01T13:14:21+00:00\" \/>\n<meta name=\"twitter:card\" content=\"summary_large_image\" \/>\n<meta name=\"twitter:site\" content=\"@crochetnknitting\" \/>\n<meta name=\"twitter:label1\" content=\"Gesch\u00e4tzte Lesezeit\" \/>\n\t<meta name=\"twitter:data1\" content=\"3\u00a0Minuten\" \/>\n<script type=\"application\/ld+json\" class=\"yoast-schema-graph\">{\"@context\":\"https:\\\/\\\/schema.org\",\"@graph\":[{\"@type\":\"WebPage\",\"@id\":\"https:\\\/\\\/crochetnknitting.com\\\/de\\\/privacy\\\/\",\"url\":\"https:\\\/\\\/crochetnknitting.com\\\/de\\\/privacy\\\/\",\"name\":\"Datenschutz - Crochet &amp; Knitting (De)\",\"isPartOf\":{\"@id\":\"https:\\\/\\\/crochetnknitting.com\\\/de\\\/#website\"},\"datePublished\":\"2020-10-16T11:52:33+00:00\",\"dateModified\":\"2025-06-01T13:14:21+00:00\",\"breadcrumb\":{\"@id\":\"https:\\\/\\\/crochetnknitting.com\\\/de\\\/privacy\\\/#breadcrumb\"},\"inLanguage\":\"de\",\"potentialAction\":[{\"@type\":\"ReadAction\",\"target\":[\"https:\\\/\\\/crochetnknitting.com\\\/de\\\/privacy\\\/\"]}]},{\"@type\":\"BreadcrumbList\",\"@id\":\"https:\\\/\\\/crochetnknitting.com\\\/de\\\/privacy\\\/#breadcrumb\",\"itemListElement\":[{\"@type\":\"ListItem\",\"position\":1,\"name\":\"Home\",\"item\":\"https:\\\/\\\/crochetnknitting.com\\\/de\\\/\"},{\"@type\":\"ListItem\",\"position\":2,\"name\":\"Datenschutz\"}]},{\"@type\":\"WebSite\",\"@id\":\"https:\\\/\\\/crochetnknitting.com\\\/de\\\/#website\",\"url\":\"https:\\\/\\\/crochetnknitting.com\\\/de\\\/\",\"name\":\"Crochet & Knitting\",\"description\":\"Kostenlose Strick- und H\u00e4kelanleitungen\",\"publisher\":{\"@id\":\"https:\\\/\\\/crochetnknitting.com\\\/de\\\/#organization\"},\"potentialAction\":[{\"@type\":\"SearchAction\",\"target\":{\"@type\":\"EntryPoint\",\"urlTemplate\":\"https:\\\/\\\/crochetnknitting.com\\\/de\\\/?s={search_term_string}\"},\"query-input\":{\"@type\":\"PropertyValueSpecification\",\"valueRequired\":true,\"valueName\":\"search_term_string\"}}],\"inLanguage\":\"de\"},{\"@type\":\"Organization\",\"@id\":\"https:\\\/\\\/crochetnknitting.com\\\/de\\\/#organization\",\"name\":\"Crochet & Knitting\",\"url\":\"https:\\\/\\\/crochetnknitting.com\\\/de\\\/\",\"logo\":{\"@type\":\"ImageObject\",\"inLanguage\":\"de\",\"@id\":\"https:\\\/\\\/crochetnknitting.com\\\/de\\\/#\\\/schema\\\/logo\\\/image\\\/\",\"url\":\"https:\\\/\\\/crochetnknitting.com\\\/de\\\/wp-content\\\/uploads\\\/2020\\\/10\\\/logo_CK_500_500_001c.png\",\"contentUrl\":\"https:\\\/\\\/crochetnknitting.com\\\/de\\\/wp-content\\\/uploads\\\/2020\\\/10\\\/logo_CK_500_500_001c.png\",\"width\":500,\"height\":500,\"caption\":\"Crochet & Knitting\"},\"image\":{\"@id\":\"https:\\\/\\\/crochetnknitting.com\\\/de\\\/#\\\/schema\\\/logo\\\/image\\\/\"},\"sameAs\":[\"https:\\\/\\\/facebook.com\\\/crochetnknittingcom\",\"https:\\\/\\\/x.com\\\/crochetnknitting\",\"https:\\\/\\\/www.facebook.com\\\/groups\\\/crochetnknitting\"]}]}<\/script>\n<!-- \/ Yoast SEO plugin. -->","yoast_head_json":{"title":"Datenschutz - Crochet &amp; Knitting (De)","robots":{"index":"index","follow":"follow","max-snippet":"max-snippet:-1","max-image-preview":"max-image-preview:large","max-video-preview":"max-video-preview:-1"},"canonical":"https:\/\/crochetnknitting.com\/de\/privacy\/","og_locale":"de_DE","og_type":"article","og_title":"Datenschutz - Crochet &amp; Knitting (De)","og_description":"Datenschutzerkl\u00e4rung Wir nehmen Ihren Datenschutz ernst. Um auf unsere Beitr\u00e4ge zuzugreifen oder unsere Website zu durchsuchen, m\u00fcssen Sie keine pers\u00f6nlichen Informationen teilen. Sie m\u00fcssen lediglich ein Minimum an pers\u00f6nlichen Informationen angeben, wenn Sie uns kontaktieren\/sich mit uns verbinden, wie unten detailliert beschrieben. Von uns gesammelte Informationen Wir sammeln die folgenden Informationen an bestimmten Stellen unserer [&hellip;] Mehr","og_url":"https:\/\/crochetnknitting.com\/de\/privacy\/","og_site_name":"Crochet &amp; Knitting (De)","article_publisher":"https:\/\/facebook.com\/crochetnknittingcom","article_modified_time":"2025-06-01T13:14:21+00:00","twitter_card":"summary_large_image","twitter_site":"@crochetnknitting","twitter_misc":{"Gesch\u00e4tzte Lesezeit":"3\u00a0Minuten"},"schema":{"@context":"https:\/\/schema.org","@graph":[{"@type":"WebPage","@id":"https:\/\/crochetnknitting.com\/de\/privacy\/","url":"https:\/\/crochetnknitting.com\/de\/privacy\/","name":"Datenschutz - Crochet &amp; Knitting (De)","isPartOf":{"@id":"https:\/\/crochetnknitting.com\/de\/#website"},"datePublished":"2020-10-16T11:52:33+00:00","dateModified":"2025-06-01T13:14:21+00:00","breadcrumb":{"@id":"https:\/\/crochetnknitting.com\/de\/privacy\/#breadcrumb"},"inLanguage":"de","potentialAction":[{"@type":"ReadAction","target":["https:\/\/crochetnknitting.com\/de\/privacy\/"]}]},{"@type":"BreadcrumbList","@id":"https:\/\/crochetnknitting.com\/de\/privacy\/#breadcrumb","itemListElement":[{"@type":"ListItem","position":1,"name":"Home","item":"https:\/\/crochetnknitting.com\/de\/"},{"@type":"ListItem","position":2,"name":"Datenschutz"}]},{"@type":"WebSite","@id":"https:\/\/crochetnknitting.com\/de\/#website","url":"https:\/\/crochetnknitting.com\/de\/","name":"Crochet & Knitting","description":"Kostenlose Strick- und H\u00e4kelanleitungen","publisher":{"@id":"https:\/\/crochetnknitting.com\/de\/#organization"},"potentialAction":[{"@type":"SearchAction","target":{"@type":"EntryPoint","urlTemplate":"https:\/\/crochetnknitting.com\/de\/?s={search_term_string}"},"query-input":{"@type":"PropertyValueSpecification","valueRequired":true,"valueName":"search_term_string"}}],"inLanguage":"de"},{"@type":"Organization","@id":"https:\/\/crochetnknitting.com\/de\/#organization","name":"Crochet & Knitting","url":"https:\/\/crochetnknitting.com\/de\/","logo":{"@type":"ImageObject","inLanguage":"de","@id":"https:\/\/crochetnknitting.com\/de\/#\/schema\/logo\/image\/","url":"https:\/\/crochetnknitting.com\/de\/wp-content\/uploads\/2020\/10\/logo_CK_500_500_001c.png","contentUrl":"https:\/\/crochetnknitting.com\/de\/wp-content\/uploads\/2020\/10\/logo_CK_500_500_001c.png","width":500,"height":500,"caption":"Crochet & Knitting"},"image":{"@id":"https:\/\/crochetnknitting.com\/de\/#\/schema\/logo\/image\/"},"sameAs":["https:\/\/facebook.com\/crochetnknittingcom","https:\/\/x.com\/crochetnknitting","https:\/\/www.facebook.com\/groups\/crochetnknitting"]}]}},"wps_subtitle":"","_links":{"self":[{"href":"https:\/\/crochetnknitting.com\/de\/wp-json\/wp\/v2\/pages\/2316","targetHints":{"allow":["GET"]}}],"collection":[{"href":"https:\/\/crochetnknitting.com\/de\/wp-json\/wp\/v2\/pages"}],"about":[{"href":"https:\/\/crochetnknitting.com\/de\/wp-json\/wp\/v2\/types\/page"}],"author":[{"embeddable":true,"href":"https:\/\/crochetnknitting.com\/de\/wp-json\/wp\/v2\/users\/1"}],"replies":[{"embeddable":true,"href":"https:\/\/crochetnknitting.com\/de\/wp-json\/wp\/v2\/comments?post=2316"}],"version-history":[{"count":3,"href":"https:\/\/crochetnknitting.com\/de\/wp-json\/wp\/v2\/pages\/2316\/revisions"}],"predecessor-version":[{"id":4017,"href":"https:\/\/crochetnknitting.com\/de\/wp-json\/wp\/v2\/pages\/2316\/revisions\/4017"}],"wp:attachment":[{"href":"https:\/\/crochetnknitting.com\/de\/wp-json\/wp\/v2\/media?parent=2316"}],"curies":[{"name":"wp","href":"https:\/\/api.w.org\/{rel}","templated":true}]}}